{"id":11246,"date":"2022-10-07T10:02:46","date_gmt":"2022-10-07T10:02:46","guid":{"rendered":"https:\/\/satechmanutencao.com.br\/?page_id=11246"},"modified":"2023-08-03T08:16:18","modified_gmt":"2023-08-03T08:16:18","slug":"projeto","status":"publish","type":"page","link":"https:\/\/satechmanutencao.com.br\/?page_id=11246","title":{"rendered":"Projetos"},"content":{"rendered":"\t\t<div data-elementor-type=\"wp-page\" data-elementor-id=\"11246\" class=\"elementor elementor-11246\">\n\t\t\t\t\t\t<section class=\"elementor-section elementor-top-section elementor-element elementor-element-3d348bf elementor-section-stretched elementor-section-boxed elementor-section-height-default elementor-section-height-default\" data-id=\"3d348bf\" data-element_type=\"section\" data-e-type=\"section\" data-settings=\"{&quot;background_background&quot;:&quot;classic&quot;,&quot;stretch_section&quot;:&quot;section-stretched&quot;}\">\n\t\t\t\t\t\t<div class=\"elementor-container elementor-column-gap-default\">\n\t\t\t\t\t<div class=\"elementor-column elementor-col-100 elementor-top-column elementor-element elementor-element-4e49fc7 top column-style-top\" data-id=\"4e49fc7\" data-element_type=\"column\" data-e-type=\"column\">\n\t\t\t<div class=\"elementor-widget-wrap elementor-element-populated\">\n\t\t\t\t\t\t<div class=\"elementor-element elementor-element-2cb1feb elementor-widget elementor-widget-heading\" data-id=\"2cb1feb\" data-element_type=\"widget\" data-e-type=\"widget\" id=\"melhorias\" data-widget_type=\"heading.default\">\n\t\t\t\t<div class=\"elementor-widget-container\">\n\t\t\t\t\t<h2 class=\"elementor-heading-title elementor-size-default\">Melhorias e Efici\u00eancia<\/h2>\t\t\t\t<\/div>\n\t\t\t\t<\/div>\n\t\t\t\t<div class=\"elementor-element elementor-element-2139888 elementor-widget elementor-widget-gva-heading-block\" data-id=\"2139888\" data-element_type=\"widget\" data-e-type=\"widget\" data-widget_type=\"gva-heading-block.default\">\n\t\t\t\t<div class=\"elementor-widget-container\">\n\t\t\t\t\t<div class=\"gva-element-gva-heading-block gva-element\">   <div class=\"align-left style-1 widget gsc-heading box-align-left\">\r\n      <div class=\"content-inner\">\r\n         \r\n                  \r\n           \r\n         \r\n                              <div class=\"title-desc\">Contamos com uma \u00e1rea de projetos voltada para a busca de solu\u00e7\u00f5es visando seguran\u00e7a e efici\u00eancia de processos produtivos em nossos clientes, personalizando conforme as mais diversas necessidades do mercado, utilizando as mais novas tecnologias e tend\u00eancias.<\/div>\r\n         \r\n         \r\n      <\/div>\r\n   <\/div>\r\n   <div class=\"clearfix\"><\/div>\r\n<\/div>\t\t\t\t<\/div>\n\t\t\t\t<\/div>\n\t\t\t\t<div class=\"elementor-element elementor-element-bac571b elementor-widget elementor-widget-image\" data-id=\"bac571b\" data-element_type=\"widget\" data-e-type=\"widget\" data-widget_type=\"image.default\">\n\t\t\t\t<div class=\"elementor-widget-container\">\n\t\t\t\t\t\t\t\t\t\t\t\t\t\t\t<img fetchpriority=\"high\" decoding=\"async\" width=\"900\" height=\"392\" src=\"https:\/\/satechmanutencao.com.br\/wp-content\/uploads\/2022\/10\/melhorias-e-eficiencia-1024x446.png\" class=\"attachment-large size-large wp-image-11724\" alt=\"\" srcset=\"https:\/\/satechmanutencao.com.br\/wp-content\/uploads\/2022\/10\/melhorias-e-eficiencia-1024x446.png 1024w, https:\/\/satechmanutencao.com.br\/wp-content\/uploads\/2022\/10\/melhorias-e-eficiencia-768x334.png 768w, https:\/\/satechmanutencao.com.br\/wp-content\/uploads\/2022\/10\/melhorias-e-eficiencia-600x261.png 600w, https:\/\/satechmanutencao.com.br\/wp-content\/uploads\/2022\/10\/melhorias-e-eficiencia.png 1500w\" sizes=\"(max-width: 900px) 100vw, 900px\" \/>\t\t\t\t\t\t\t\t\t\t\t\t\t\t\t<\/div>\n\t\t\t\t<\/div>\n\t\t\t\t\t<\/div>\n\t\t<\/div>\n\t\t\t\t\t<\/div>\n\t\t<\/section>\n\t\t\t\t<section class=\"elementor-section elementor-top-section elementor-element elementor-element-7cf2bdf elementor-section-stretched elementor-section-boxed elementor-section-height-default elementor-section-height-default\" data-id=\"7cf2bdf\" data-element_type=\"section\" data-e-type=\"section\" data-settings=\"{&quot;background_background&quot;:&quot;classic&quot;,&quot;stretch_section&quot;:&quot;section-stretched&quot;}\">\n\t\t\t\t\t\t<div class=\"elementor-container elementor-column-gap-default\">\n\t\t\t\t\t<div class=\"elementor-column elementor-col-100 elementor-top-column elementor-element elementor-element-436eed3 top column-style-top\" data-id=\"436eed3\" data-element_type=\"column\" data-e-type=\"column\">\n\t\t\t<div class=\"elementor-widget-wrap elementor-element-populated\">\n\t\t\t\t\t\t<div class=\"elementor-element elementor-element-9d41df4 elementor-widget elementor-widget-heading\" data-id=\"9d41df4\" data-element_type=\"widget\" data-e-type=\"widget\" id=\"conserv\" data-widget_type=\"heading.default\">\n\t\t\t\t<div class=\"elementor-widget-container\">\n\t\t\t\t\t<h2 class=\"elementor-heading-title elementor-size-default\">Conserva\u00e7\u00e3o de Sistemas de Lubrifica\u00e7\u00e3o<\/h2>\t\t\t\t<\/div>\n\t\t\t\t<\/div>\n\t\t\t\t<div class=\"elementor-element elementor-element-13faed9 elementor-widget elementor-widget-gva-heading-block\" data-id=\"13faed9\" data-element_type=\"widget\" data-e-type=\"widget\" data-widget_type=\"gva-heading-block.default\">\n\t\t\t\t<div class=\"elementor-widget-container\">\n\t\t\t\t\t<div class=\"gva-element-gva-heading-block gva-element\">   <div class=\"align-left style-1 widget gsc-heading box-align-left\">\r\n      <div class=\"content-inner\">\r\n         \r\n                  \r\n           \r\n         \r\n                              <div class=\"title-desc\">A lubrifica\u00e7\u00e3o tem uma fun\u00e7\u00e3o essencial e a Satech atua preventivamente em sistemas de flu\u00eddos hidr\u00e1ulicos garantindo as caracter\u00edsticas do \u00f3leo buscando reduzir o desgaste de componentes e danos em equipamentos de alto custos como bombas hidr\u00e1ulicas e servo v\u00e1lvulas, al\u00e9m de solu\u00e7\u00f5es que podem ser incorporadas a seu sistema aumentando a vida \u00fatil do \u00f3leo e componentes.<\/div>\r\n         \r\n         \r\n      <\/div>\r\n   <\/div>\r\n   <div class=\"clearfix\"><\/div>\r\n<\/div>\t\t\t\t<\/div>\n\t\t\t\t<\/div>\n\t\t\t\t<div class=\"elementor-element elementor-element-da45282 elementor-widget elementor-widget-image\" data-id=\"da45282\" data-element_type=\"widget\" data-e-type=\"widget\" data-widget_type=\"image.default\">\n\t\t\t\t<div class=\"elementor-widget-container\">\n\t\t\t\t\t\t\t\t\t\t\t\t\t\t\t<img decoding=\"async\" width=\"900\" height=\"392\" src=\"https:\/\/satechmanutencao.com.br\/wp-content\/uploads\/2022\/10\/sistema-de-lubrificacao-1024x446.png\" class=\"attachment-large size-large wp-image-11726\" alt=\"\" srcset=\"https:\/\/satechmanutencao.com.br\/wp-content\/uploads\/2022\/10\/sistema-de-lubrificacao-1024x446.png 1024w, https:\/\/satechmanutencao.com.br\/wp-content\/uploads\/2022\/10\/sistema-de-lubrificacao-768x334.png 768w, https:\/\/satechmanutencao.com.br\/wp-content\/uploads\/2022\/10\/sistema-de-lubrificacao-600x261.png 600w, https:\/\/satechmanutencao.com.br\/wp-content\/uploads\/2022\/10\/sistema-de-lubrificacao.png 1500w\" sizes=\"(max-width: 900px) 100vw, 900px\" \/>\t\t\t\t\t\t\t\t\t\t\t\t\t\t\t<\/div>\n\t\t\t\t<\/div>\n\t\t\t\t\t<\/div>\n\t\t<\/div>\n\t\t\t\t\t<\/div>\n\t\t<\/section>\n\t\t\t\t<section class=\"elementor-section elementor-top-section elementor-element elementor-element-d6af55f elementor-section-stretched elementor-section-boxed elementor-section-height-default elementor-section-height-default\" data-id=\"d6af55f\" data-element_type=\"section\" data-e-type=\"section\" data-settings=\"{&quot;background_background&quot;:&quot;classic&quot;,&quot;stretch_section&quot;:&quot;section-stretched&quot;}\">\n\t\t\t\t\t\t<div class=\"elementor-container elementor-column-gap-default\">\n\t\t\t\t\t<div class=\"elementor-column elementor-col-100 elementor-top-column elementor-element elementor-element-af02888 top column-style-top\" data-id=\"af02888\" data-element_type=\"column\" data-e-type=\"column\">\n\t\t\t<div class=\"elementor-widget-wrap elementor-element-populated\">\n\t\t\t\t\t\t<div class=\"elementor-element elementor-element-6d4bd62 elementor-widget elementor-widget-heading\" data-id=\"6d4bd62\" data-element_type=\"widget\" data-e-type=\"widget\" id=\"Eficiencia\" data-widget_type=\"heading.default\">\n\t\t\t\t<div class=\"elementor-widget-container\">\n\t\t\t\t\t<h2 class=\"elementor-heading-title elementor-size-default\">Efici\u00eancia Energ\u00e9tica<\/h2>\t\t\t\t<\/div>\n\t\t\t\t<\/div>\n\t\t\t\t<div class=\"elementor-element elementor-element-ace014d elementor-widget elementor-widget-gva-heading-block\" data-id=\"ace014d\" data-element_type=\"widget\" data-e-type=\"widget\" data-widget_type=\"gva-heading-block.default\">\n\t\t\t\t<div class=\"elementor-widget-container\">\n\t\t\t\t\t<div class=\"gva-element-gva-heading-block gva-element\">   <div class=\"align-left style-1 widget gsc-heading box-align-left\">\r\n      <div class=\"content-inner\">\r\n         \r\n                  \r\n           \r\n         \r\n                              <div class=\"title-desc\">Redu\u00e7\u00e3o de custos \u00e9 uma das express\u00f5es mais utilizadas no meio corporativo, temos solu\u00e7\u00f5es e tecnologia para buscar redu\u00e7\u00e3o de consumo energ\u00e9tico de seus equipamentos, buscando efici\u00eancia e consequente redu\u00e7\u00e3o de custos significativas.<\/div>\r\n         \r\n         \r\n      <\/div>\r\n   <\/div>\r\n   <div class=\"clearfix\"><\/div>\r\n<\/div>\t\t\t\t<\/div>\n\t\t\t\t<\/div>\n\t\t\t\t<div class=\"elementor-element elementor-element-24cafd5 elementor-widget elementor-widget-image\" data-id=\"24cafd5\" data-element_type=\"widget\" data-e-type=\"widget\" data-widget_type=\"image.default\">\n\t\t\t\t<div class=\"elementor-widget-container\">\n\t\t\t\t\t\t\t\t\t\t\t\t\t\t\t<img decoding=\"async\" width=\"900\" height=\"392\" src=\"https:\/\/satechmanutencao.com.br\/wp-content\/uploads\/2022\/10\/eficiencia-energetica-1024x446.png\" class=\"attachment-large size-large wp-image-11730\" alt=\"\" srcset=\"https:\/\/satechmanutencao.com.br\/wp-content\/uploads\/2022\/10\/eficiencia-energetica-1024x446.png 1024w, https:\/\/satechmanutencao.com.br\/wp-content\/uploads\/2022\/10\/eficiencia-energetica-768x334.png 768w, https:\/\/satechmanutencao.com.br\/wp-content\/uploads\/2022\/10\/eficiencia-energetica-600x261.png 600w, https:\/\/satechmanutencao.com.br\/wp-content\/uploads\/2022\/10\/eficiencia-energetica.png 1999w\" sizes=\"(max-width: 900px) 100vw, 900px\" \/>\t\t\t\t\t\t\t\t\t\t\t\t\t\t\t<\/div>\n\t\t\t\t<\/div>\n\t\t\t\t\t<\/div>\n\t\t<\/div>\n\t\t\t\t\t<\/div>\n\t\t<\/section>\n\t\t\t\t<section class=\"elementor-section elementor-top-section elementor-element elementor-element-c59c002 elementor-section-stretched elementor-section-boxed elementor-section-height-default elementor-section-height-default\" data-id=\"c59c002\" data-element_type=\"section\" data-e-type=\"section\" data-settings=\"{&quot;background_background&quot;:&quot;classic&quot;,&quot;stretch_section&quot;:&quot;section-stretched&quot;}\">\n\t\t\t\t\t\t<div class=\"elementor-container elementor-column-gap-default\">\n\t\t\t\t\t<div class=\"elementor-column elementor-col-100 elementor-top-column elementor-element elementor-element-48bd2a2 top column-style-top\" data-id=\"48bd2a2\" data-element_type=\"column\" data-e-type=\"column\">\n\t\t\t<div class=\"elementor-widget-wrap elementor-element-populated\">\n\t\t\t\t\t\t<div class=\"elementor-element elementor-element-fbe1e5d elementor-widget elementor-widget-heading\" data-id=\"fbe1e5d\" data-element_type=\"widget\" data-e-type=\"widget\" id=\"Nr12\" data-widget_type=\"heading.default\">\n\t\t\t\t<div class=\"elementor-widget-container\">\n\t\t\t\t\t<h2 class=\"elementor-heading-title elementor-size-default\">Adequa\u00e7\u00e3o a NR-12 \/ An\u00e1lise de risco \/ Laudo<\/h2>\t\t\t\t<\/div>\n\t\t\t\t<\/div>\n\t\t\t\t<div class=\"elementor-element elementor-element-94de09b elementor-hidden-mobile elementor-widget elementor-widget-gva-heading-block\" data-id=\"94de09b\" data-element_type=\"widget\" data-e-type=\"widget\" data-widget_type=\"gva-heading-block.default\">\n\t\t\t\t<div class=\"elementor-widget-container\">\n\t\t\t\t\t<div class=\"gva-element-gva-heading-block gva-element\">   <div class=\"align-left style-1 widget gsc-heading box-align-left\">\r\n      <div class=\"content-inner\">\r\n         \r\n                  \r\n           \r\n         \r\n                              <div class=\"title-desc\"><h2 data-elementor-setting-key=\"title\" data-pen-placeholder=\"Digite aqui...\"><span style=\", sans-serif;font-size: 18px;font-weight: 400\">A seguran\u00e7a de funcion\u00e1rios \u00e9 fator de extrema import\u00e2ncia para a sustentabilidade de uma empresa, temos equipe especializada na norma NR-12, com expertise desde a consultoria em um plano de adequa\u00e7\u00e3o, an\u00e1lises de risco, projeto, execu\u00e7\u00e3o da adequa\u00e7\u00e3o e laudo de seus equipamentos.<\/span><\/h2><\/div>\r\n         \r\n         \r\n      <\/div>\r\n   <\/div>\r\n   <div class=\"clearfix\"><\/div>\r\n<\/div>\t\t\t\t<\/div>\n\t\t\t\t<\/div>\n\t\t\t\t<div class=\"elementor-element elementor-element-d2e4603 elementor-hidden-widescreen elementor-hidden-desktop elementor-hidden-laptop elementor-hidden-tablet_extra elementor-hidden-tablet elementor-hidden-mobile_extra elementor-widget elementor-widget-gva-heading-block\" data-id=\"d2e4603\" data-element_type=\"widget\" data-e-type=\"widget\" data-widget_type=\"gva-heading-block.default\">\n\t\t\t\t<div class=\"elementor-widget-container\">\n\t\t\t\t\t<div class=\"gva-element-gva-heading-block gva-element\">   <div class=\"align-left style-1 widget gsc-heading box-align-left\">\r\n      <div class=\"content-inner\">\r\n         \r\n                  \r\n           \r\n         \r\n                              <div class=\"title-desc\">A seguran\u00e7a de funcion\u00e1rios \u00e9 fator de extrema import\u00e2ncia para a sustentabilidade de uma empresa, temos equipe especializada na norma NR-12, com expertise desde a consultoria em um plano de adequa\u00e7\u00e3o, an\u00e1lises de risco, projeto, execu\u00e7\u00e3o da adequa\u00e7\u00e3o e laudo de seus equipamentos.<\/span><\/h2><\/div>\r\n         \r\n         \r\n      <\/div>\r\n   <\/div>\r\n   <div class=\"clearfix\"><\/div>\r\n<\/div>\t\t\t\t<\/div>\n\t\t\t\t<\/div>\n\t\t\t\t<div class=\"elementor-element elementor-element-6e892e0 elementor-widget elementor-widget-image\" data-id=\"6e892e0\" data-element_type=\"widget\" data-e-type=\"widget\" data-widget_type=\"image.default\">\n\t\t\t\t<div class=\"elementor-widget-container\">\n\t\t\t\t\t\t\t\t\t\t\t\t\t\t\t<img loading=\"lazy\" decoding=\"async\" width=\"900\" height=\"392\" src=\"https:\/\/satechmanutencao.com.br\/wp-content\/uploads\/2022\/10\/adequacao-NR12-risco-laudo-1024x446.png\" class=\"attachment-large size-large wp-image-11734\" alt=\"\" srcset=\"https:\/\/satechmanutencao.com.br\/wp-content\/uploads\/2022\/10\/adequacao-NR12-risco-laudo-1024x446.png 1024w, https:\/\/satechmanutencao.com.br\/wp-content\/uploads\/2022\/10\/adequacao-NR12-risco-laudo-768x334.png 768w, https:\/\/satechmanutencao.com.br\/wp-content\/uploads\/2022\/10\/adequacao-NR12-risco-laudo-600x261.png 600w, https:\/\/satechmanutencao.com.br\/wp-content\/uploads\/2022\/10\/adequacao-NR12-risco-laudo.png 1500w\" sizes=\"(max-width: 900px) 100vw, 900px\" \/>\t\t\t\t\t\t\t\t\t\t\t\t\t\t\t<\/div>\n\t\t\t\t<\/div>\n\t\t\t\t\t<\/div>\n\t\t<\/div>\n\t\t\t\t\t<\/div>\n\t\t<\/section>\n\t\t\t\t<\/div>\n\t\t","protected":false},"excerpt":{"rendered":"<p>Melhorias e Efici\u00eancia Contamos com uma \u00e1rea de projetos voltada para a busca de solu\u00e7\u00f5es visando seguran\u00e7a e efici\u00eancia de processos produtivos em nossos clientes, personalizando conforme as mais diversas necessidades do mercado, utilizando as mais novas tecnologias e tend\u00eancias. Conserva\u00e7\u00e3o de Sistemas de Lubrifica\u00e7\u00e3o A lubrifica\u00e7\u00e3o tem uma fun\u00e7\u00e3o essencial e a Satech atua [&hellip;]<\/p>\n","protected":false},"author":1,"featured_media":0,"parent":0,"menu_order":0,"comment_status":"closed","ping_status":"closed","template":"","meta":{"_coblocks_attr":"","_coblocks_dimensions":"","_coblocks_responsive_height":"","_coblocks_accordion_ie_support":"","footnotes":""},"class_list":["post-11246","page","type-page","status-publish","hentry"],"_links":{"self":[{"href":"https:\/\/satechmanutencao.com.br\/index.php?rest_route=\/wp\/v2\/pages\/11246","targetHints":{"allow":["GET"]}}],"collection":[{"href":"https:\/\/satechmanutencao.com.br\/index.php?rest_route=\/wp\/v2\/pages"}],"about":[{"href":"https:\/\/satechmanutencao.com.br\/index.php?rest_route=\/wp\/v2\/types\/page"}],"author":[{"embeddable":true,"href":"https:\/\/satechmanutencao.com.br\/index.php?rest_route=\/wp\/v2\/users\/1"}],"replies":[{"embeddable":true,"href":"https:\/\/satechmanutencao.com.br\/index.php?rest_route=%2Fwp%2Fv2%2Fcomments&post=11246"}],"version-history":[{"count":50,"href":"https:\/\/satechmanutencao.com.br\/index.php?rest_route=\/wp\/v2\/pages\/11246\/revisions"}],"predecessor-version":[{"id":12637,"href":"https:\/\/satechmanutencao.com.br\/index.php?rest_route=\/wp\/v2\/pages\/11246\/revisions\/12637"}],"wp:attachment":[{"href":"https:\/\/satechmanutencao.com.br\/index.php?rest_route=%2Fwp%2Fv2%2Fmedia&parent=11246"}],"curies":[{"name":"wp","href":"https:\/\/api.w.org\/{rel}","templated":true}]}}