{"id":3124,"date":"2018-07-05T01:04:27","date_gmt":"2018-07-05T01:04:27","guid":{"rendered":"https:\/\/www.gavias-theme.com\/wp\/indutri\/?page_id=3124"},"modified":"2023-08-03T08:05:49","modified_gmt":"2023-08-03T08:05:49","slug":"services","status":"publish","type":"page","link":"https:\/\/satechmanutencao.com.br\/?page_id=3124","title":{"rendered":"Servi\u00e7os"},"content":{"rendered":"\t\t<div data-elementor-type=\"wp-post\" data-elementor-id=\"3124\" class=\"elementor elementor-3124\">\n\t\t\t\t\t\t<section class=\"elementor-section elementor-top-section elementor-element elementor-element-1c672db elementor-section-boxed elementor-section-height-default elementor-section-height-default\" data-id=\"1c672db\" data-element_type=\"section\" data-e-type=\"section\" data-settings=\"{&quot;background_background&quot;:&quot;classic&quot;}\">\n\t\t\t\t\t\t<div class=\"elementor-container elementor-column-gap-default\">\n\t\t\t\t\t<div class=\"elementor-column elementor-col-100 elementor-top-column elementor-element elementor-element-0165fe9 top column-style-top\" data-id=\"0165fe9\" data-element_type=\"column\" data-e-type=\"column\">\n\t\t\t<div class=\"elementor-widget-wrap elementor-element-populated\">\n\t\t\t\t\t\t<div class=\"elementor-element elementor-element-b16b207 elementor-widget elementor-widget-heading\" data-id=\"b16b207\" data-element_type=\"widget\" data-e-type=\"widget\" id=\"ManuInjet\" data-widget_type=\"heading.default\">\n\t\t\t\t<div class=\"elementor-widget-container\">\n\t\t\t\t\t<h2 class=\"elementor-heading-title elementor-size-default\">Manuten\u00e7\u00e3o em Injetoras Pl\u00e1sticas Multimarcas<\/h2>\t\t\t\t<\/div>\n\t\t\t\t<\/div>\n\t\t\t\t<div class=\"elementor-element elementor-element-3441c1b elementor-widget elementor-widget-gva-heading-block\" data-id=\"3441c1b\" data-element_type=\"widget\" data-e-type=\"widget\" data-widget_type=\"gva-heading-block.default\">\n\t\t\t\t<div class=\"elementor-widget-container\">\n\t\t\t\t\t<div class=\"gva-element-gva-heading-block gva-element\">   <div class=\"align-left style-1 widget gsc-heading box-align-left\">\r\n      <div class=\"content-inner\">\r\n         \r\n                  \r\n           \r\n         \r\n                              <div class=\"title-desc\">A Satech est\u00e1 no mercado de injetoras pl\u00e1sticas \u00e0 mais de quatro anos, fundada por t\u00e9cnicos com ampla experi\u00eancia, especialistas neste tipo de equipamento com mais alto know how em todos os sistemas.\nBuscando inova\u00e7\u00e3o e um maior escopo de servi\u00e7os para melhor atendimento de nossos clientes, a Satech vem agregando ao seu time profissionais das mais diversas \u00e1reas da manuten\u00e7\u00e3o para um completo suporte nos sistemas el\u00e9tricos, hidr\u00e1ulicos mec\u00e2nicos e processo.\n<\/div>\r\n         \r\n         \r\n      <\/div>\r\n   <\/div>\r\n   <div class=\"clearfix\"><\/div>\r\n<\/div>\t\t\t\t<\/div>\n\t\t\t\t<\/div>\n\t\t\t\t<div class=\"elementor-element elementor-element-10f7491 elementor-widget elementor-widget-image\" data-id=\"10f7491\" data-element_type=\"widget\" data-e-type=\"widget\" data-widget_type=\"image.default\">\n\t\t\t\t<div class=\"elementor-widget-container\">\n\t\t\t\t\t\t\t\t\t\t\t\t\t\t\t<img fetchpriority=\"high\" decoding=\"async\" width=\"900\" height=\"430\" src=\"https:\/\/satechmanutencao.com.br\/wp-content\/uploads\/2023\/03\/Injection-Molding-Machine-Structure-instrution_Guanxin-Plastic-Machinery-1024x489.jpg\" class=\"attachment-large size-large wp-image-12285\" alt=\"\" srcset=\"https:\/\/satechmanutencao.com.br\/wp-content\/uploads\/2023\/03\/Injection-Molding-Machine-Structure-instrution_Guanxin-Plastic-Machinery-1024x489.jpg 1024w, https:\/\/satechmanutencao.com.br\/wp-content\/uploads\/2023\/03\/Injection-Molding-Machine-Structure-instrution_Guanxin-Plastic-Machinery-768x367.jpg 768w, https:\/\/satechmanutencao.com.br\/wp-content\/uploads\/2023\/03\/Injection-Molding-Machine-Structure-instrution_Guanxin-Plastic-Machinery-600x287.jpg 600w, https:\/\/satechmanutencao.com.br\/wp-content\/uploads\/2023\/03\/Injection-Molding-Machine-Structure-instrution_Guanxin-Plastic-Machinery.jpg 1200w\" sizes=\"(max-width: 900px) 100vw, 900px\" \/>\t\t\t\t\t\t\t\t\t\t\t\t\t\t\t<\/div>\n\t\t\t\t<\/div>\n\t\t\t\t\t<\/div>\n\t\t<\/div>\n\t\t\t\t\t<\/div>\n\t\t<\/section>\n\t\t\t\t<section class=\"elementor-section elementor-top-section elementor-element elementor-element-3afbe89 elementor-section-boxed elementor-section-height-default elementor-section-height-default\" data-id=\"3afbe89\" data-element_type=\"section\" data-e-type=\"section\" data-settings=\"{&quot;background_background&quot;:&quot;classic&quot;}\">\n\t\t\t\t\t\t<div class=\"elementor-container elementor-column-gap-default\">\n\t\t\t\t\t<div class=\"elementor-column elementor-col-100 elementor-top-column elementor-element elementor-element-12eb7ab top column-style-top\" data-id=\"12eb7ab\" data-element_type=\"column\" data-e-type=\"column\">\n\t\t\t<div class=\"elementor-widget-wrap elementor-element-populated\">\n\t\t\t\t\t\t<div class=\"elementor-element elementor-element-d407a5f elementor-widget elementor-widget-heading\" data-id=\"d407a5f\" data-element_type=\"widget\" data-e-type=\"widget\" id=\"ManuCorret\" data-widget_type=\"heading.default\">\n\t\t\t\t<div class=\"elementor-widget-container\">\n\t\t\t\t\t<h2 class=\"elementor-heading-title elementor-size-default\">Manuten\u00e7\u00e3o corretiva<\/h2>\t\t\t\t<\/div>\n\t\t\t\t<\/div>\n\t\t\t\t<div class=\"elementor-element elementor-element-2cc941d elementor-widget elementor-widget-gva-heading-block\" data-id=\"2cc941d\" data-element_type=\"widget\" data-e-type=\"widget\" data-widget_type=\"gva-heading-block.default\">\n\t\t\t\t<div class=\"elementor-widget-container\">\n\t\t\t\t\t<div class=\"gva-element-gva-heading-block gva-element\">   <div class=\"align-left style-1 widget gsc-heading box-align-left\">\r\n      <div class=\"content-inner\">\r\n         \r\n                  \r\n           \r\n         \r\n                              <div class=\"title-desc\">Quebras inesperadas, problemas em seus equipamentos impactando sua efici\u00eancia, acione a Satech, com nosso atendimento \u00e1gil, nosso time tem o know how necess\u00e1rio para colocar seu equipamento em condi\u00e7\u00f5es de trabalho da forma mais r\u00e1pida e maior qualidade poss\u00edvel, apresentando sempre solu\u00e7\u00f5es que evitem quebras futuras.\n<\/div>\r\n         \r\n         \r\n      <\/div>\r\n   <\/div>\r\n   <div class=\"clearfix\"><\/div>\r\n<\/div>\t\t\t\t<\/div>\n\t\t\t\t<\/div>\n\t\t\t\t<div class=\"elementor-element elementor-element-4ab71bb elementor-widget elementor-widget-image\" data-id=\"4ab71bb\" data-element_type=\"widget\" data-e-type=\"widget\" data-widget_type=\"image.default\">\n\t\t\t\t<div class=\"elementor-widget-container\">\n\t\t\t\t\t\t\t\t\t\t\t\t\t\t\t<img decoding=\"async\" width=\"900\" height=\"540\" src=\"https:\/\/satechmanutencao.com.br\/wp-content\/uploads\/2023\/03\/Manutencao-corretiva-satech.jpg\" class=\"attachment-large size-large wp-image-12289\" alt=\"\" srcset=\"https:\/\/satechmanutencao.com.br\/wp-content\/uploads\/2023\/03\/Manutencao-corretiva-satech.jpg 1000w, https:\/\/satechmanutencao.com.br\/wp-content\/uploads\/2023\/03\/Manutencao-corretiva-satech-768x461.jpg 768w, https:\/\/satechmanutencao.com.br\/wp-content\/uploads\/2023\/03\/Manutencao-corretiva-satech-600x360.jpg 600w\" sizes=\"(max-width: 900px) 100vw, 900px\" \/>\t\t\t\t\t\t\t\t\t\t\t\t\t\t\t<\/div>\n\t\t\t\t<\/div>\n\t\t\t\t\t<\/div>\n\t\t<\/div>\n\t\t\t\t\t<\/div>\n\t\t<\/section>\n\t\t\t\t<section class=\"elementor-section elementor-top-section elementor-element elementor-element-02622dd elementor-section-boxed elementor-section-height-default elementor-section-height-default\" data-id=\"02622dd\" data-element_type=\"section\" data-e-type=\"section\" data-settings=\"{&quot;background_background&quot;:&quot;classic&quot;}\">\n\t\t\t\t\t\t<div class=\"elementor-container elementor-column-gap-default\">\n\t\t\t\t\t<div class=\"elementor-column elementor-col-100 elementor-top-column elementor-element elementor-element-da9e063 top column-style-top\" data-id=\"da9e063\" data-element_type=\"column\" data-e-type=\"column\">\n\t\t\t<div class=\"elementor-widget-wrap elementor-element-populated\">\n\t\t\t\t\t\t<div class=\"elementor-element elementor-element-ac417ee elementor-widget elementor-widget-heading\" data-id=\"ac417ee\" data-element_type=\"widget\" data-e-type=\"widget\" id=\"ManuPrevent\" data-widget_type=\"heading.default\">\n\t\t\t\t<div class=\"elementor-widget-container\">\n\t\t\t\t\t<h2 class=\"elementor-heading-title elementor-size-default\">Manuten\u00e7\u00e3o preventiva em injetoras<\/h2>\t\t\t\t<\/div>\n\t\t\t\t<\/div>\n\t\t\t\t<div class=\"elementor-element elementor-element-20d146a elementor-widget elementor-widget-gva-heading-block\" data-id=\"20d146a\" data-element_type=\"widget\" data-e-type=\"widget\" data-widget_type=\"gva-heading-block.default\">\n\t\t\t\t<div class=\"elementor-widget-container\">\n\t\t\t\t\t<div class=\"gva-element-gva-heading-block gva-element\">   <div class=\"align-left style-1 widget gsc-heading box-align-left\">\r\n      <div class=\"content-inner\">\r\n         \r\n                  \r\n           \r\n         \r\n                              <div class=\"title-desc\">Com a experi\u00eancia de nosso time adquirida em uma fabricante reconhecida mundialmente e atrav\u00e9s de anos de atua\u00e7\u00e3o, temos os planos de trabalho preventivos mais completos do mercado, atuando com agilidade e nos pontos exatos para garantir uma excelente disponibilidade de seu equipamento e redu\u00e7\u00e3o de desgastes prematuros de pe\u00e7as, evitando quebras e custos inesperados, temos in\u00fameros casos de sucesso.\n<\/div>\r\n         \r\n         \r\n      <\/div>\r\n   <\/div>\r\n   <div class=\"clearfix\"><\/div>\r\n<\/div>\t\t\t\t<\/div>\n\t\t\t\t<\/div>\n\t\t\t\t<div class=\"elementor-element elementor-element-b11860d elementor-widget elementor-widget-image\" data-id=\"b11860d\" data-element_type=\"widget\" data-e-type=\"widget\" data-widget_type=\"image.default\">\n\t\t\t\t<div class=\"elementor-widget-container\">\n\t\t\t\t\t\t\t\t\t\t\t\t\t\t\t<img decoding=\"async\" width=\"900\" height=\"540\" src=\"https:\/\/satechmanutencao.com.br\/wp-content\/uploads\/2023\/03\/Manutencao-preventiva-satech.jpg\" class=\"attachment-large size-large wp-image-12290\" alt=\"\" srcset=\"https:\/\/satechmanutencao.com.br\/wp-content\/uploads\/2023\/03\/Manutencao-preventiva-satech.jpg 1000w, https:\/\/satechmanutencao.com.br\/wp-content\/uploads\/2023\/03\/Manutencao-preventiva-satech-768x461.jpg 768w, https:\/\/satechmanutencao.com.br\/wp-content\/uploads\/2023\/03\/Manutencao-preventiva-satech-600x360.jpg 600w\" sizes=\"(max-width: 900px) 100vw, 900px\" \/>\t\t\t\t\t\t\t\t\t\t\t\t\t\t\t<\/div>\n\t\t\t\t<\/div>\n\t\t\t\t\t<\/div>\n\t\t<\/div>\n\t\t\t\t\t<\/div>\n\t\t<\/section>\n\t\t\t\t<section class=\"elementor-section elementor-top-section elementor-element elementor-element-e745136 elementor-section-boxed elementor-section-height-default elementor-section-height-default\" data-id=\"e745136\" data-element_type=\"section\" data-e-type=\"section\" data-settings=\"{&quot;background_background&quot;:&quot;classic&quot;}\">\n\t\t\t\t\t\t<div class=\"elementor-container elementor-column-gap-default\">\n\t\t\t\t\t<div class=\"elementor-column elementor-col-100 elementor-top-column elementor-element elementor-element-a258ba6 top column-style-top\" data-id=\"a258ba6\" data-element_type=\"column\" data-e-type=\"column\">\n\t\t\t<div class=\"elementor-widget-wrap elementor-element-populated\">\n\t\t\t\t\t\t<div class=\"elementor-element elementor-element-c9afab1 elementor-widget elementor-widget-heading\" data-id=\"c9afab1\" data-element_type=\"widget\" data-e-type=\"widget\" id=\"ManuPred\" data-widget_type=\"heading.default\">\n\t\t\t\t<div class=\"elementor-widget-container\">\n\t\t\t\t\t<h2 class=\"elementor-heading-title elementor-size-default\">Manuten\u00e7\u00e3o preditiva<\/h2>\t\t\t\t<\/div>\n\t\t\t\t<\/div>\n\t\t\t\t<div class=\"elementor-element elementor-element-978b6bd elementor-widget elementor-widget-gva-heading-block\" data-id=\"978b6bd\" data-element_type=\"widget\" data-e-type=\"widget\" data-widget_type=\"gva-heading-block.default\">\n\t\t\t\t<div class=\"elementor-widget-container\">\n\t\t\t\t\t<div class=\"gva-element-gva-heading-block gva-element\">   <div class=\"align-left style-1 widget gsc-heading box-align-left\">\r\n      <div class=\"content-inner\">\r\n         \r\n                  \r\n           \r\n         \r\n                              <div class=\"title-desc\">O pacote de manuten\u00e7\u00e3o preditiva da Satech tem o objetivo de atrav\u00e9s de equipamentos e tecnologia diagnosticar potenciais falhas e antecipar sua solu\u00e7\u00e3o atacando na causa raiz.<br><br>\nVantagens da manuten\u00e7\u00e3o preditiva:<br>\n- Possibilidade de programar paradas;<br>\n- Reduzir altos custos com quebras inesperadas;<br>\n- Trocar componentes no momento certo, aproveitando ao m\u00e1ximo sua vida \u00fatil;<br>\n- Aumentar a confiabilidade dos equipamento.<\/div>\r\n         \r\n         \r\n      <\/div>\r\n   <\/div>\r\n   <div class=\"clearfix\"><\/div>\r\n<\/div>\t\t\t\t<\/div>\n\t\t\t\t<\/div>\n\t\t\t\t<div class=\"elementor-element elementor-element-b035f9c elementor-widget elementor-widget-image\" data-id=\"b035f9c\" data-element_type=\"widget\" data-e-type=\"widget\" data-widget_type=\"image.default\">\n\t\t\t\t<div class=\"elementor-widget-container\">\n\t\t\t\t\t\t\t\t\t\t\t\t\t\t\t<img loading=\"lazy\" decoding=\"async\" width=\"3999\" height=\"1741\" src=\"https:\/\/satechmanutencao.com.br\/wp-content\/uploads\/2023\/03\/Grafico-custo-Satech.png\" class=\"attachment-full size-full wp-image-12292\" alt=\"\" srcset=\"https:\/\/satechmanutencao.com.br\/wp-content\/uploads\/2023\/03\/Grafico-custo-Satech.png 3999w, https:\/\/satechmanutencao.com.br\/wp-content\/uploads\/2023\/03\/Grafico-custo-Satech-1024x446.png 1024w, https:\/\/satechmanutencao.com.br\/wp-content\/uploads\/2023\/03\/Grafico-custo-Satech-768x334.png 768w, https:\/\/satechmanutencao.com.br\/wp-content\/uploads\/2023\/03\/Grafico-custo-Satech-600x261.png 600w\" sizes=\"(max-width: 3999px) 100vw, 3999px\" \/>\t\t\t\t\t\t\t\t\t\t\t\t\t\t\t<\/div>\n\t\t\t\t<\/div>\n\t\t\t\t\t<\/div>\n\t\t<\/div>\n\t\t\t\t\t<\/div>\n\t\t<\/section>\n\t\t\t\t<section class=\"elementor-section elementor-top-section elementor-element elementor-element-8cde622 elementor-section-boxed elementor-section-height-default elementor-section-height-default\" data-id=\"8cde622\" data-element_type=\"section\" data-e-type=\"section\" data-settings=\"{&quot;background_background&quot;:&quot;classic&quot;}\">\n\t\t\t\t\t\t<div class=\"elementor-container elementor-column-gap-default\">\n\t\t\t\t\t<div class=\"elementor-column elementor-col-100 elementor-top-column elementor-element elementor-element-ecef378 top column-style-top\" data-id=\"ecef378\" data-element_type=\"column\" data-e-type=\"column\">\n\t\t\t<div class=\"elementor-widget-wrap elementor-element-populated\">\n\t\t\t\t\t\t<div class=\"elementor-element elementor-element-34ce5aa elementor-widget elementor-widget-heading\" data-id=\"34ce5aa\" data-element_type=\"widget\" data-e-type=\"widget\" id=\"GeoInjet\" data-widget_type=\"heading.default\">\n\t\t\t\t<div class=\"elementor-widget-container\">\n\t\t\t\t\t<h2 class=\"elementor-heading-title elementor-size-default\">Geometria de Injetoras<\/h2>\t\t\t\t<\/div>\n\t\t\t\t<\/div>\n\t\t\t\t<div class=\"elementor-element elementor-element-5a84a70 elementor-widget elementor-widget-gva-heading-block\" data-id=\"5a84a70\" data-element_type=\"widget\" data-e-type=\"widget\" data-widget_type=\"gva-heading-block.default\">\n\t\t\t\t<div class=\"elementor-widget-container\">\n\t\t\t\t\t<div class=\"gva-element-gva-heading-block gva-element\">   <div class=\"align-left style-1 widget gsc-heading box-align-left\">\r\n      <div class=\"content-inner\">\r\n         \r\n                  \r\n           \r\n         \r\n                              <div class=\"title-desc\">Com tecnologia de ponta, a Satech executa a geometria de injetoras atrav\u00e9s do equipamento Sensormante. \nGarantindo a precis\u00e3o nas medi\u00e7\u00f5es e ajuste fino pelo know how de nossa equipe de t\u00e9cnicos.\n<br><br>Uma m\u00e1quina fora de geometria gera refugo. Aumentando seu custo de produ\u00e7\u00e3o e tamb\u00e9m desgaste prematuro do equipamento, causando danos estruturais graves a sua m\u00e1quina e molde.\n<\/div>\r\n         \r\n         \r\n      <\/div>\r\n   <\/div>\r\n   <div class=\"clearfix\"><\/div>\r\n<\/div>\t\t\t\t<\/div>\n\t\t\t\t<\/div>\n\t\t\t\t<div class=\"elementor-element elementor-element-409d597 elementor-widget elementor-widget-image\" data-id=\"409d597\" data-element_type=\"widget\" data-e-type=\"widget\" data-widget_type=\"image.default\">\n\t\t\t\t<div class=\"elementor-widget-container\">\n\t\t\t\t\t\t\t\t\t\t\t\t\t\t\t<img loading=\"lazy\" decoding=\"async\" width=\"900\" height=\"392\" src=\"https:\/\/satechmanutencao.com.br\/wp-content\/uploads\/2022\/10\/geometria-1024x446.png\" class=\"attachment-large size-large wp-image-11497\" alt=\"\" srcset=\"https:\/\/satechmanutencao.com.br\/wp-content\/uploads\/2022\/10\/geometria-1024x446.png 1024w, https:\/\/satechmanutencao.com.br\/wp-content\/uploads\/2022\/10\/geometria-768x334.png 768w, https:\/\/satechmanutencao.com.br\/wp-content\/uploads\/2022\/10\/geometria-600x261.png 600w, https:\/\/satechmanutencao.com.br\/wp-content\/uploads\/2022\/10\/geometria.png 1110w\" sizes=\"(max-width: 900px) 100vw, 900px\" \/>\t\t\t\t\t\t\t\t\t\t\t\t\t\t\t<\/div>\n\t\t\t\t<\/div>\n\t\t\t\t<div class=\"elementor-element elementor-element-162d77c elementor-widget elementor-widget-video\" data-id=\"162d77c\" data-element_type=\"widget\" data-e-type=\"widget\" data-settings=\"{&quot;video_type&quot;:&quot;hosted&quot;,&quot;controls&quot;:&quot;yes&quot;}\" data-widget_type=\"video.default\">\n\t\t\t\t<div class=\"elementor-widget-container\">\n\t\t\t\t\t\t\t<div class=\"e-hosted-video elementor-wrapper elementor-open-inline\">\n\t\t\t\t\t<video class=\"elementor-video\" src=\"http:\/\/o3w.d87.myftpupload.com\/wp-content\/uploads\/2023\/03\/video-sensormate-com-musica.mp4\" controls=\"\" preload=\"metadata\" controlsList=\"nodownload\"><\/video>\n\t\t\t\t<\/div>\n\t\t\t\t\t\t<\/div>\n\t\t\t\t<\/div>\n\t\t\t\t\t<\/div>\n\t\t<\/div>\n\t\t\t\t\t<\/div>\n\t\t<\/section>\n\t\t\t\t<\/div>\n\t\t","protected":false},"excerpt":{"rendered":"<p>Manuten\u00e7\u00e3o em Injetoras Pl\u00e1sticas Multimarcas A Satech est\u00e1 no mercado de injetoras pl\u00e1sticas \u00e0 mais de quatro anos, fundada por t\u00e9cnicos com ampla experi\u00eancia, especialistas neste tipo de equipamento com mais alto know how em todos os sistemas. Buscando inova\u00e7\u00e3o e um maior escopo de servi\u00e7os para melhor atendimento de nossos clientes, a Satech vem [&hellip;]<\/p>\n","protected":false},"author":1,"featured_media":0,"parent":0,"menu_order":0,"comment_status":"closed","ping_status":"closed","template":"","meta":{"_coblocks_attr":"","_coblocks_dimensions":"","_coblocks_responsive_height":"","_coblocks_accordion_ie_support":"","footnotes":""},"class_list":["post-3124","page","type-page","status-publish","hentry"],"_links":{"self":[{"href":"https:\/\/satechmanutencao.com.br\/index.php?rest_route=\/wp\/v2\/pages\/3124","targetHints":{"allow":["GET"]}}],"collection":[{"href":"https:\/\/satechmanutencao.com.br\/index.php?rest_route=\/wp\/v2\/pages"}],"about":[{"href":"https:\/\/satechmanutencao.com.br\/index.php?rest_route=\/wp\/v2\/types\/page"}],"author":[{"embeddable":true,"href":"https:\/\/satechmanutencao.com.br\/index.php?rest_route=\/wp\/v2\/users\/1"}],"replies":[{"embeddable":true,"href":"https:\/\/satechmanutencao.com.br\/index.php?rest_route=%2Fwp%2Fv2%2Fcomments&post=3124"}],"version-history":[{"count":85,"href":"https:\/\/satechmanutencao.com.br\/index.php?rest_route=\/wp\/v2\/pages\/3124\/revisions"}],"predecessor-version":[{"id":12634,"href":"https:\/\/satechmanutencao.com.br\/index.php?rest_route=\/wp\/v2\/pages\/3124\/revisions\/12634"}],"wp:attachment":[{"href":"https:\/\/satechmanutencao.com.br\/index.php?rest_route=%2Fwp%2Fv2%2Fmedia&parent=3124"}],"curies":[{"name":"wp","href":"https:\/\/api.w.org\/{rel}","templated":true}]}}